{"id":128,"date":"2014-09-14T22:37:18","date_gmt":"2014-09-14T20:37:18","guid":{"rendered":"http:\/\/www.gunillajaehnichen.de\/wordpress\/?page_id=128"},"modified":"2026-02-13T18:26:51","modified_gmt":"2026-02-13T17:26:51","slug":"cv","status":"publish","type":"page","link":"https:\/\/www.gunillajaehnichen.de\/?page_id=128","title":{"rendered":"CV"},"content":{"rendered":"\n<p><strong>Gunilla J\u00e4hnichen<\/strong><\/p>\n\n\n\n<p class=\"has-small-font-size\">1972 geboren in Stade, Niedersachsen<br>deutsch\/schwedische K\u00fcnstlerin<\/p>\n\n\n\n<p class=\"has-small-font-size\">Ich besch\u00e4ftige mich in meiner figurativen malerischen Arbeit mit Emotionen, die sich in Mimik und Gestik zeigen. Ich spiele mit naiv vereinfachten Darstellungen, um auf verf\u00fchrerische Weise einen Zugang zur Komplexit\u00e4t zu schaffen.\u00a0Aus mehrschichtigen, oft leuchtend transparenten Farbfl\u00e4chen, Linien und Verl\u00e4ufen forme ich meine Figuren und Wesen, die zwischen Figuration und Abstraktion changieren. Als Syn\u00e4sthetikerin\u00a0haben Farben f\u00fcr mich ein Eigenleben. Ihre Qualit\u00e4ten sowie unterschiedliche Methoden des Auftragens nutze ich spielerisch im Sinne des Animismus. Linien und Fl\u00e4chen entwickeln so ein Eigenleben. Im Zusammenspiel entsteht f\u00fcr die Betrachtenden eine beseelte Figur. Es geht mir darum, emotionale Zust\u00e4nde und die Komplexit\u00e4t von Beziehungen auf einer intuitiven Ebene zu vermitteln.<\/p>\n\n\n\n<h4 class=\"wp-block-heading\"><strong>AUSBILDUNG<\/strong><\/h4>\n\n\n\n<p class=\"has-small-font-size\">1993 Studium Freie Kunst an der Fachhochschule Hannover<\/p>\n\n\n\n<p class=\"has-small-font-size\">1994 Studium Kunsthochschule Reykjavik<\/p>\n\n\n\n<p class=\"has-small-font-size\">1995 Studium Hochschule f\u00fcr Bildende K\u00fcnste, Hamburg<\/p>\n\n\n\n<p class=\"has-small-font-size\">2001 Diplom an der HfBK<\/p>\n\n\n\n<p><\/p>\n\n\n\n<p class=\"has-small-font-size\">Lehrbeauftragte an der Universit\u00e4t &amp; FH Erfurt, HSBI Bielefeld&nbsp;<\/p>\n\n\n\n<p class=\"has-small-font-size\">und Universit\u00e4t der K\u00fcnste Berlin&nbsp;<\/p>\n\n\n\n<h4 class=\"wp-block-heading\">STIPENDIEN \/ AUSZEICHUNGEN \/ ANK\u00c4UFE (Auswahl)<\/h4>\n\n\n\n<p class=\"has-small-font-size\">2022 Ankauf der Kulturverwaltung der Stadt und Region Stockholm<\/p>\n\n\n\n<p class=\"has-small-font-size\">2021 Stipendium NEUSTART KULTUR, Stiftung Kulturwerk der VG Bild-Kunst<\/p>\n\n\n\n<p class=\"has-small-font-size\">2020 Stipendium Sonderprogramm 2020 der Senatsverwaltung Berlin<\/p>\n\n\n\n<p class=\"has-small-font-size\">2019 Nominiert f\u00fcr den FBZ Kunstpreis Kunst, Gesundheit und Psyche<\/p>\n\n\n\n<p class=\"has-small-font-size\">2016 Nominiert f\u00fcr den Lucas Cranach Preis<\/p>\n\n\n\n<p class=\"has-small-font-size\">2007 Ankauf Sammlung Kaspar K\u00f6nig<\/p>\n\n\n\n<p class=\"has-small-font-size\">2004 Stipendium K\u00fcnstlerhaus Kloster Cismar, Schleswig-Holstein<\/p>\n\n\n\n<p class=\"has-small-font-size\">2002 Ankauf Julia Stoschek Collection<\/p>\n\n\n\n<p class=\"has-small-font-size\">2002 Stipendium K\u00fcnstlerh\u00e4user Worpswede, Niedersachsen<\/p>\n\n\n\n<p class=\"has-small-font-size\">1998 Preistr\u00e4gerin der soki illuart awards, Korea<\/p>\n\n\n\n<h4 class=\"wp-block-heading\">AUSSTELLUNGEN (Auswahl)<\/h4>\n\n\n\n<p class=\"has-small-font-size\">2026 Unbroken Promesse, Galerie H\u00fcbner und H\u00fcbner, Frankfurt a.M.<\/p>\n\n\n\n<p class=\"has-small-font-size\">2025 Kunstverein Wesseling mit Susanne Maurer<\/p>\n\n\n\n<p class=\"has-small-font-size\">2024 Im Goldfischglas, Kunst&amp;Co, Raum f\u00fcr zeitgen\u00f6ssische Kunst, Flensburg (solo)<\/p>\n\n\n\n<p class=\"has-small-font-size\">2024 Traumhaft, Galerie H\u00fcbner und H\u00fcbner, Frankfurt a.M. (solo)<\/p>\n\n\n\n<p class=\"has-small-font-size\">2023 Through the Looking-Glass, galerie with tsjalling, Groningen(solo)<\/p>\n\n\n\n<p class=\"has-small-font-size\">2023 Taumel, Neuer Kunstverein Gie\u00dfen(solo)<\/p>\n\n\n\n<p class=\"has-small-font-size\">2023 REFUGIUM, Kunstverein R\u00fcgen,Circus Eins, Putbus<\/p>\n\n\n\n<p class=\"has-small-font-size\">2023 +++re:turn+++re:mail+++re:send KV Ebersberg<\/p>\n\n\n\n<p class=\"has-small-font-size\">2023 \u201e:-#\u201c Kunst und Soziale Medien, KV Rotenburg<\/p>\n\n\n\n<p class=\"has-small-font-size\">2023 \u00dcber Menschen, Raum f\u00fcr G\u00e4ste, Aachen<\/p>\n\n\n\n<p class=\"has-small-font-size\">2022 Weirdo, knstvrn, Bad Wonder(solo)<\/p>\n\n\n\n<p class=\"has-small-font-size\">2022 The Other Space, St\u00e4dtische Galerie und Museum Engen(solo)<\/p>\n\n\n\n<p class=\"has-small-font-size\">2022 Gunilla J\u00e4hnichen, galleri ps, G\u00f6teborg, Schweden(solo)<\/p>\n\n\n\n<p class=\"has-small-font-size\">2022 Was ist los, Kunstverein f\u00fcr Mecklenburg und Vorpommern, Schwerin(solo)<\/p>\n\n\n\n<p class=\"has-small-font-size\">2022 blinds, Kunstverein Osterholz<\/p>\n\n\n\n<p class=\"has-small-font-size\">2022 Lausenlassen, Hilbertraum, Berlin<\/p>\n\n\n\n<p class=\"has-small-font-size\">2022 V\u00e5rsalong, Liljevalchs Konsthall, Stockholm<\/p>\n\n\n\n<p class=\"has-small-font-size\">2021 @wut, Galerie im Saalbau, Berlin\/Neuk\u00f6lln(solo)<\/p>\n\n\n\n<p class=\"has-small-font-size\">2021 Internationale Grafik-Triennale, KV zu Frechen<\/p>\n\n\n\n<p class=\"has-small-font-size\">2020 2 gather, Neuer Kunstverein Aschaffenburg e.V.<\/p>\n\n\n\n<p class=\"has-small-font-size\">2019 KIND, Schoeler Raum f\u00fcr zeitgen\u00f6ssische Kunst, Berlin<\/p>\n\n\n\n<p class=\"has-small-font-size\">2019 Beijing Biennale f\u00fcr zeitgen\u00f6ssische Kunst, Peking, China<\/p>\n\n\n\n<p class=\"has-small-font-size\">2018 resting bitch face, galleri 21, Malm\u00f6(solo)<\/p>\n\n\n\n<p class=\"has-small-font-size\">2015 Lucas Cranach Preis, Wittenberg und Kronach<\/p>\n\n\n\n<p class=\"has-small-font-size\">2015 OpenArt, Biennale \u00d6rebro, Schweden<\/p>\n\n\n\n<p class=\"has-small-font-size\">2013 Legend of the shelves AUTOCENTER, Berlin<\/p>\n\n\n\n<p class=\"has-small-font-size\">2013 Hotspot Berlin 2011, Georg Kolbe Museum, Berlin<\/p>\n\n\n\n<p class=\"has-small-font-size\">2012 homecoming queen, Bugno Art Gallery, Venedig, Italien(solo)<\/p>\n\n\n\n<p class=\"has-small-font-size\">2010 don\u2019t touch my pet, Kunsthalle Gie\u00dfen(solo)<\/p>\n\n\n\n<p class=\"has-small-font-size\">2009 my private beast, Kunstverein Schwetzingen(solo)<\/p>\n\n\n\n<h4 class=\"wp-block-heading\">PROJEKTE &#8211; Kulturelle Bildung<\/h4>\n\n\n\n<p class=\"has-small-font-size\">2025 pik &#8211; Mentorin for disabled Leadership&nbsp;<\/p>\n\n\n\n<p class=\"has-small-font-size\">2023-25 QUERKLANG+, UdK Berlin<\/p>\n\n\n\n<p class=\"has-small-font-size\">2024 INARTdis<\/p>\n\n\n\n<p><\/p>\n","protected":false},"excerpt":{"rendered":"<p>Gunilla J\u00e4hnichen 1972 geboren in Stade, Niedersachsendeutsch\/schwedische K\u00fcnstlerin Ich besch\u00e4ftige mich in meiner figurativen malerischen Arbeit mit Emotionen, die sich in Mimik und Gestik zeigen. Ich spiele mit naiv vereinfachten Darstellungen, um auf verf\u00fchrerische Weise einen Zugang zur Komplexit\u00e4t zu schaffen.\u00a0Aus mehrschichtigen, oft leuchtend transparenten Farbfl\u00e4chen, Linien und Verl\u00e4ufen forme ich meine Figuren und Wesen, &hellip; <a href=\"https:\/\/www.gunillajaehnichen.de\/?page_id=128\" class=\"more-link\"><span class=\"screen-reader-text\">CV<\/span> weiterlesen<\/a><\/p>\n","protected":false},"author":1,"featured_media":0,"parent":0,"menu_order":0,"comment_status":"closed","ping_status":"closed","template":"","meta":{"footnotes":""},"class_list":["post-128","page","type-page","status-publish","hentry"],"_links":{"self":[{"href":"https:\/\/www.gunillajaehnichen.de\/index.php?rest_route=\/wp\/v2\/pages\/128","targetHints":{"allow":["GET"]}}],"collection":[{"href":"https:\/\/www.gunillajaehnichen.de\/index.php?rest_route=\/wp\/v2\/pages"}],"about":[{"href":"https:\/\/www.gunillajaehnichen.de\/index.php?rest_route=\/wp\/v2\/types\/page"}],"author":[{"embeddable":true,"href":"https:\/\/www.gunillajaehnichen.de\/index.php?rest_route=\/wp\/v2\/users\/1"}],"replies":[{"embeddable":true,"href":"https:\/\/www.gunillajaehnichen.de\/index.php?rest_route=%2Fwp%2Fv2%2Fcomments&post=128"}],"version-history":[{"count":78,"href":"https:\/\/www.gunillajaehnichen.de\/index.php?rest_route=\/wp\/v2\/pages\/128\/revisions"}],"predecessor-version":[{"id":3873,"href":"https:\/\/www.gunillajaehnichen.de\/index.php?rest_route=\/wp\/v2\/pages\/128\/revisions\/3873"}],"wp:attachment":[{"href":"https:\/\/www.gunillajaehnichen.de\/index.php?rest_route=%2Fwp%2Fv2%2Fmedia&parent=128"}],"curies":[{"name":"wp","href":"https:\/\/api.w.org\/{rel}","templated":true}]}}