{"id":2,"date":"2014-09-09T10:23:56","date_gmt":"2014-09-09T08:23:56","guid":{"rendered":"http:\/\/www.gunillajaehnichen.de\/wordpress\/?page_id=2"},"modified":"2026-04-11T20:36:06","modified_gmt":"2026-04-11T18:36:06","slug":"beispiel-seite","status":"publish","type":"page","link":"https:\/\/www.gunillajaehnichen.de\/","title":{"rendered":"Aktuell"},"content":{"rendered":"\n<h2 class=\"wp-block-heading\">ongoing<\/h2>\n\n\n\n<h2 class=\"wp-block-heading\"><a href=\"https:\/\/stg.galerie-juliusneu.de\" data-type=\"link\" data-id=\"https:\/\/stg.galerie-juliusneu.de\" target=\"_blank\" rel=\"noreferrer noopener\">Galerie Julius Neu, Hamburg<\/a><\/h2>\n\n\n\n<figure class=\"wp-block-image size-full\"><img loading=\"lazy\" decoding=\"async\" width=\"1178\" height=\"1486\" src=\"https:\/\/www.gunillajaehnichen.de\/wp-content\/uploads\/IMG_4438-2.jpg\" alt=\"\" class=\"wp-image-3886\" srcset=\"https:\/\/www.gunillajaehnichen.de\/wp-content\/uploads\/IMG_4438-2.jpg 1178w, https:\/\/www.gunillajaehnichen.de\/wp-content\/uploads\/IMG_4438-2-238x300.jpg 238w, https:\/\/www.gunillajaehnichen.de\/wp-content\/uploads\/IMG_4438-2-159x200.jpg 159w, https:\/\/www.gunillajaehnichen.de\/wp-content\/uploads\/IMG_4438-2-768x969.jpg 768w\" sizes=\"auto, (max-width: 1178px) 100vw, 1178px\" \/><\/figure>\n\n\n\n<h2 class=\"wp-block-heading\"><strong>Save the Date: Finissage am 07. Juni 2026 ab 14 Uhr in der Arnoldstra\u00dfe 16, Hamburg.<\/strong><\/h2>\n\n\n\n<figure class=\"wp-block-image size-full\"><img loading=\"lazy\" decoding=\"async\" width=\"2480\" height=\"1654\" src=\"https:\/\/www.gunillajaehnichen.de\/wp-content\/uploads\/2026_03_27_Julius-Neu_-23.jpg\" alt=\"\" class=\"wp-image-3915\" srcset=\"https:\/\/www.gunillajaehnichen.de\/wp-content\/uploads\/2026_03_27_Julius-Neu_-23.jpg 2480w, https:\/\/www.gunillajaehnichen.de\/wp-content\/uploads\/2026_03_27_Julius-Neu_-23-300x200.jpg 300w, https:\/\/www.gunillajaehnichen.de\/wp-content\/uploads\/2026_03_27_Julius-Neu_-23-200x133.jpg 200w, https:\/\/www.gunillajaehnichen.de\/wp-content\/uploads\/2026_03_27_Julius-Neu_-23-768x512.jpg 768w, https:\/\/www.gunillajaehnichen.de\/wp-content\/uploads\/2026_03_27_Julius-Neu_-23-1536x1024.jpg 1536w, https:\/\/www.gunillajaehnichen.de\/wp-content\/uploads\/2026_03_27_Julius-Neu_-23-2048x1366.jpg 2048w\" sizes=\"auto, (max-width: 2480px) 100vw, 2480px\" \/><figcaption class=\"wp-element-caption\">Ausstellungsansicht, Galerie Julius Neu<\/figcaption><\/figure>\n\n\n\n<div style=\"height:100px\" aria-hidden=\"true\" class=\"wp-block-spacer\"><\/div>\n\n\n\n<h2 class=\"wp-block-heading\">upcoming<\/h2>\n\n\n\n<h2 class=\"wp-block-heading\"><a href=\"https:\/\/artflash.de\/highlights\" data-type=\"link\" data-id=\"https:\/\/artflash.de\/highlights\">ARTFLASH<\/a> &#8211; &#8222;H I G H L I G H T S&#8220;<br> 30+ international artists<\/h2>\n\n\n\n<p><strong>ab dem 18. April 2026<\/strong>&nbsp; werden&nbsp;mehr als 30 Editionen und Unikate von<\/p>\n\n\n\n<figure class=\"wp-block-image size-full\"><img loading=\"lazy\" decoding=\"async\" width=\"2560\" height=\"2514\" src=\"https:\/\/www.gunillajaehnichen.de\/wp-content\/uploads\/IMG_4419-scaled.jpg\" alt=\"\" class=\"wp-image-3906\" srcset=\"https:\/\/www.gunillajaehnichen.de\/wp-content\/uploads\/IMG_4419-scaled.jpg 2560w, https:\/\/www.gunillajaehnichen.de\/wp-content\/uploads\/IMG_4419-300x295.jpg 300w, https:\/\/www.gunillajaehnichen.de\/wp-content\/uploads\/IMG_4419-200x196.jpg 200w, https:\/\/www.gunillajaehnichen.de\/wp-content\/uploads\/IMG_4419-768x754.jpg 768w, https:\/\/www.gunillajaehnichen.de\/wp-content\/uploads\/IMG_4419-1536x1508.jpg 1536w, https:\/\/www.gunillajaehnichen.de\/wp-content\/uploads\/IMG_4419-2048x2011.jpg 2048w\" sizes=\"auto, (max-width: 2560px) 100vw, 2560px\" \/><\/figure>\n\n\n\n<p><br>John Baldessari, Lucie Bennett, \u00c9va Beresin, Joseph Beuys, Matthias Bitzer, Sascha Boldt, Cecily Brown, Andr\u00e9 Butzer, George Byrne, Naja Conrad-Hansen, Antje Engelmann, Candida H\u00f6fer, <strong>Gunilla J\u00e4hnichen<\/strong>, Michelle Jezierski, Joan Jonas, Annika Kahrs, Bettina Krieg, Markus L\u00fcpertz, David Lynch, Janine Mackenroth, Stefan Marx, Christof Mascher, Jonathan Meese, Taichi Nakamura, Franck Noto, Louisa Pieper, A.R. Penck, Oskar Rink, Achim Riethmann, Janina Roider, Thomas Ruff, Daniel Richter, Anna Stahn, Victor Vasrely, wowe et al.<\/p>\n\n\n\n<p>gezeigt.<br><\/p>\n\n\n\n<p>Ein Pop Up im M\u00f6belgesch\u00e4ft &#8222;Design Klassiker Weissensee&#8220; direkt am Helmholtzplatz in Berlin-Prenzlauer Berg.&nbsp;Die Er\u00f6ffnung ist am 18. April ab 11 Uhr bis open End. Der Showroom hat ge\u00f6ffnet von Di &#8211; Sa von 11 bis 18 Uhr. <br><\/p>\n\n\n\n<p>artflash hosted by <\/p>\n\n\n\n<p>Design Klassiker Weissensee<br>Raumerstrasse 6<br>10437 Berlin<br><strong><br>Vernissage \/ Opening:<br><\/strong>18. April 2026 11 am &#8211; open end<br>The showroom is open Tuesday &#8211; Saturday, 11 am to 6 p<\/p>\n\n\n\n<div style=\"height:100px\" aria-hidden=\"true\" class=\"wp-block-spacer\"><\/div>\n\n\n\n<h3 class=\"wp-block-heading\">erh\u00e4ltliche Editionen &#8211; <a href=\"https:\/\/artflash.de\/gunilla-jahnichen-pink\">artflash.de<\/a><\/h3>\n\n\n\n<figure class=\"wp-block-gallery has-nested-images columns-default is-cropped wp-block-gallery-1 is-layout-flex wp-block-gallery-is-layout-flex\">\n<figure class=\"wp-block-image size-full\"><img loading=\"lazy\" decoding=\"async\" width=\"2560\" height=\"1600\" data-id=\"3106\" src=\"https:\/\/www.gunillajaehnichen.de\/wp-content\/uploads\/Jaehnichen_Gunilla_aufmnewsl_M1_rot-scaled.jpg\" alt=\"\" class=\"wp-image-3106\" srcset=\"https:\/\/www.gunillajaehnichen.de\/wp-content\/uploads\/Jaehnichen_Gunilla_aufmnewsl_M1_rot-scaled.jpg 2560w, https:\/\/www.gunillajaehnichen.de\/wp-content\/uploads\/Jaehnichen_Gunilla_aufmnewsl_M1_rot-300x188.jpg 300w, https:\/\/www.gunillajaehnichen.de\/wp-content\/uploads\/Jaehnichen_Gunilla_aufmnewsl_M1_rot-200x125.jpg 200w, https:\/\/www.gunillajaehnichen.de\/wp-content\/uploads\/Jaehnichen_Gunilla_aufmnewsl_M1_rot-768x480.jpg 768w, https:\/\/www.gunillajaehnichen.de\/wp-content\/uploads\/Jaehnichen_Gunilla_aufmnewsl_M1_rot-1536x960.jpg 1536w, https:\/\/www.gunillajaehnichen.de\/wp-content\/uploads\/Jaehnichen_Gunilla_aufmnewsl_M1_rot-2048x1280.jpg 2048w\" sizes=\"auto, (max-width: 2560px) 100vw, 2560px\" \/><\/figure>\n\n\n\n<figure class=\"wp-block-image size-large\"><img loading=\"lazy\" decoding=\"async\" width=\"300\" height=\"188\" data-id=\"2976\" src=\"https:\/\/www.gunillajaehnichen.de\/wp-content\/uploads\/Jaehnichen_Gunilla_aufmnewsl_M2-300x188.jpg\" alt=\"\" class=\"wp-image-2976\" srcset=\"https:\/\/www.gunillajaehnichen.de\/wp-content\/uploads\/Jaehnichen_Gunilla_aufmnewsl_M2-300x188.jpg 300w, https:\/\/www.gunillajaehnichen.de\/wp-content\/uploads\/Jaehnichen_Gunilla_aufmnewsl_M2-200x125.jpg 200w, https:\/\/www.gunillajaehnichen.de\/wp-content\/uploads\/Jaehnichen_Gunilla_aufmnewsl_M2-768x480.jpg 768w, https:\/\/www.gunillajaehnichen.de\/wp-content\/uploads\/Jaehnichen_Gunilla_aufmnewsl_M2-1536x960.jpg 1536w, https:\/\/www.gunillajaehnichen.de\/wp-content\/uploads\/Jaehnichen_Gunilla_aufmnewsl_M2-2048x1280.jpg 2048w\" sizes=\"auto, (max-width: 300px) 100vw, 300px\" \/><\/figure>\n<\/figure>\n\n\n\n<p><\/p>\n\n\n\n<p>Lithografie und Acrylspray auf Papier, Ma\u00dfe50 x 38 cm,<br>Auflage 20 + 5 E.A., jedes Blatt ist unikat\u00e4r bearbeitet mit Acrylspray<\/p>\n\n\n\n<p>Handgefertigter schwarz gebeizter und gewachster Ahorn-Holzrahmen, Au\u00dfenma\u00dfe ca. 55,2 x 43,0 cm, inkl. 10mm Distanzleiste, das Werk ist hochgestellt montiert, mit Normalglas sowie r\u00fcckseitiger Aufh\u00e4ngung (Auf Wunsch auch mit Museumsglas)<\/p>\n\n\n\n<div style=\"height:100px\" aria-hidden=\"true\" class=\"wp-block-spacer\"><\/div>\n\n\n\n<p class=\"has-medium-font-size\"><strong>ARTIST STATEMENT<\/strong><\/p>\n\n\n\n<div class=\"wp-block-media-text has-media-on-the-right is-stacked-on-mobile is-vertically-aligned-top\"><div class=\"wp-block-media-text__content\">\n<p class=\"has-small-font-size\">Ich besch\u00e4ftige mich in meiner figurativen malerischen Arbeit mit Emotionen, die sich in Mimik und Gestik zeigen. Ich spiele mit naiv vereinfachten Darstellungen, um auf verf\u00fchrerische Weise einen Zugang zur Komplexit\u00e4t zu schaffen.&nbsp;Aus mehrschichtigen, oft leuchtend transparenten Farbfl\u00e4chen, Linien und Verl\u00e4ufen forme ich meine Figuren und Wesen, die zwischen Figuration und Abstraktion changieren. Als Syn\u00e4sthetikerin&nbsp;haben Farben f\u00fcr mich ein Eigenleben. Ihre Qualit\u00e4ten sowie unterschiedliche Methoden des Auftragens nutze ich spielerisch im Sinne des Animismus. Linien und Fl\u00e4chen entwickeln so ein Eigenleben. Im Zusammenspiel entsteht f\u00fcr die Betrachtenden eine beseelte Figur. Es geht mir darum, emotionale Zust\u00e4nde und die Komplexit\u00e4t von Beziehungen auf einer intuitiven Ebene zu vermitteln.<\/p>\n\n\n\n<p><\/p>\n\n\n\n<p class=\"has-small-font-size\"><br><\/p>\n<\/div><figure class=\"wp-block-media-text__media\"><img loading=\"lazy\" decoding=\"async\" width=\"210\" height=\"300\" src=\"https:\/\/www.gunillajaehnichen.de\/wp-content\/uploads\/Gunilla_70x100-2-210x300.jpg\" alt=\"\" class=\"wp-image-2528 size-full\" srcset=\"https:\/\/www.gunillajaehnichen.de\/wp-content\/uploads\/Gunilla_70x100-2-210x300.jpg 210w, https:\/\/www.gunillajaehnichen.de\/wp-content\/uploads\/Gunilla_70x100-2-140x200.jpg 140w, https:\/\/www.gunillajaehnichen.de\/wp-content\/uploads\/Gunilla_70x100-2-768x1097.jpg 768w, https:\/\/www.gunillajaehnichen.de\/wp-content\/uploads\/Gunilla_70x100-2-1075x1536.jpg 1075w, https:\/\/www.gunillajaehnichen.de\/wp-content\/uploads\/Gunilla_70x100-2-1434x2048.jpg 1434w, https:\/\/www.gunillajaehnichen.de\/wp-content\/uploads\/Gunilla_70x100-2-scaled.jpg 1792w\" sizes=\"auto, (max-width: 210px) 100vw, 210px\" \/><\/figure><\/div>\n\n\n\n<div class=\"wp-block-buttons is-layout-flex wp-block-buttons-is-layout-flex\">\n<div class=\"wp-block-button\"><a class=\"wp-block-button__link wp-element-button\" href=\"https:\/\/www.gunillajaehnichen.de\/?page_id=112\">Kontakt\/Newsletter<\/a><\/div>\n<\/div>\n\n\n\n<p><\/p>\n","protected":false},"excerpt":{"rendered":"<p>ongoing Galerie Julius Neu, Hamburg Save the Date: Finissage am 07. Juni 2026 ab 14 Uhr in der Arnoldstra\u00dfe 16, Hamburg. upcoming ARTFLASH &#8211; &#8222;H I G H L I G H T S&#8220; 30+ international artists ab dem 18. April 2026&nbsp; werden&nbsp;mehr als 30 Editionen und Unikate von John Baldessari, Lucie Bennett, \u00c9va Beresin, &hellip; <a href=\"https:\/\/www.gunillajaehnichen.de\/\" class=\"more-link\"><span class=\"screen-reader-text\">Aktuell<\/span> weiterlesen<\/a><\/p>\n","protected":false},"author":1,"featured_media":0,"parent":0,"menu_order":1,"comment_status":"closed","ping_status":"closed","template":"","meta":{"footnotes":""},"class_list":["post-2","page","type-page","status-publish","hentry"],"_links":{"self":[{"href":"https:\/\/www.gunillajaehnichen.de\/index.php?rest_route=\/wp\/v2\/pages\/2","targetHints":{"allow":["GET"]}}],"collection":[{"href":"https:\/\/www.gunillajaehnichen.de\/index.php?rest_route=\/wp\/v2\/pages"}],"about":[{"href":"https:\/\/www.gunillajaehnichen.de\/index.php?rest_route=\/wp\/v2\/types\/page"}],"author":[{"embeddable":true,"href":"https:\/\/www.gunillajaehnichen.de\/index.php?rest_route=\/wp\/v2\/users\/1"}],"replies":[{"embeddable":true,"href":"https:\/\/www.gunillajaehnichen.de\/index.php?rest_route=%2Fwp%2Fv2%2Fcomments&post=2"}],"version-history":[{"count":739,"href":"https:\/\/www.gunillajaehnichen.de\/index.php?rest_route=\/wp\/v2\/pages\/2\/revisions"}],"predecessor-version":[{"id":3922,"href":"https:\/\/www.gunillajaehnichen.de\/index.php?rest_route=\/wp\/v2\/pages\/2\/revisions\/3922"}],"wp:attachment":[{"href":"https:\/\/www.gunillajaehnichen.de\/index.php?rest_route=%2Fwp%2Fv2%2Fmedia&parent=2"}],"curies":[{"name":"wp","href":"https:\/\/api.w.org\/{rel}","templated":true}]}}