{"id":76,"date":"2014-09-14T16:12:26","date_gmt":"2014-09-14T14:12:26","guid":{"rendered":"http:\/\/www.gunillajaehnichen.de\/wordpress\/?page_id=76"},"modified":"2026-03-07T23:14:22","modified_gmt":"2026-03-07T22:14:22","slug":"drawing-2","status":"publish","type":"page","link":"https:\/\/www.gunillajaehnichen.de\/?page_id=76","title":{"rendered":"K\u00fcnstlerische Bildungsprojekte"},"content":{"rendered":"\n<h4 class=\"wp-block-heading\">WORKSHOP &#8211; aktuell<\/h4>\n\n\n\n<h2 class=\"wp-block-heading\">Wasserkreisl\u00e4ufe in der Stadt: <a href=\"https:\/\/www.eventbrite.de\/e\/wasserkreislaufe-in-der-stadt-on-water-zu-gast-in-der-roof-water-farm-tickets-1559638684289?aff=oddtdtcreator&amp;utm_source=polisphere+GmbH&amp;utm_campaign=93ed5adadb-EMAIL_CAMPAIGN_2025_08_05_10_13&amp;utm_medium=email&amp;utm_term=0_-93ed5adadb-810521697\">ON\u202fWATER<\/a> zu Gast in der Roof Water Farm<\/h2>\n\n\n\n<p>Kollaborativer Workshop \u201eWie wollen wir uns wandeln?\u201c&nbsp;<strong>22.09.2025<\/strong><\/p>\n\n\n\n<p>Als Kunst-Tandem f\u00fcr inklusive, \u00f6kologische Vermittlungsarbeit gestalte ich gemeinsam mit Nico Altmann sowie dem Berliner Verein greentech.berlin e.V. zur F\u00f6rderung von Technik- und Umweltbildung diesen Workshop in dem wir gemeinsam aus Naturmaterialien ein Modell f\u00fcr die Wasserstadt von morgen bauen \u2013 und den Einfluss von Wasserstand oder Luft- und Bodenfeuchtigkeit auf die Lebensqualit\u00e4t messen.<\/p>\n\n\n\n<div style=\"height:100px\" aria-hidden=\"true\" class=\"wp-block-spacer\"><\/div>\n\n\n\n<h2 class=\"wp-block-heading\">Mentorin im pik &#8211; Mentoring-Programm f\u00fcr&nbsp;Disabled Leadership 2024\/25<\/h2>\n\n\n\n<p class=\"has-small-font-size\">Das sparten\u00fcbergreifende&nbsp;Mentoring-Programm f\u00fcr&nbsp;Disabled Leadershipunterst\u00fctzt K\u00fcnstlerinnen und K\u00fcnstler mit Behinderungen als Mentees auf ihrem Weg, sich f\u00fcr Leitungspositionen in Kulturprojekten und -einrichtungen aller Sparten zu qualifizieren. Fehlende Aufstiegschancen sollen auf diese Weise ausgeglichen und neue Leitungsmodelle diskutiert werden.<\/p>\n\n\n\n<p class=\"has-small-font-size\">gef\u00f6rdert von der Kulturstiftung des Bundes<\/p>\n\n\n\n<figure class=\"wp-block-image size-full\"><img loading=\"lazy\" decoding=\"async\" width=\"1920\" height=\"2560\" src=\"https:\/\/www.gunillajaehnichen.de\/wp-content\/uploads\/lachen-scaled.jpg\" alt=\"\" class=\"wp-image-3044\" srcset=\"https:\/\/www.gunillajaehnichen.de\/wp-content\/uploads\/lachen-scaled.jpg 1920w, https:\/\/www.gunillajaehnichen.de\/wp-content\/uploads\/lachen-225x300.jpg 225w, https:\/\/www.gunillajaehnichen.de\/wp-content\/uploads\/lachen-150x200.jpg 150w, https:\/\/www.gunillajaehnichen.de\/wp-content\/uploads\/lachen-768x1024.jpg 768w, https:\/\/www.gunillajaehnichen.de\/wp-content\/uploads\/lachen-1152x1536.jpg 1152w, https:\/\/www.gunillajaehnichen.de\/wp-content\/uploads\/lachen-1536x2048.jpg 1536w\" sizes=\"auto, (max-width: 1920px) 100vw, 1920px\" \/><\/figure>\n\n\n\n<div style=\"height:100px\" aria-hidden=\"true\" class=\"wp-block-spacer\"><\/div>\n\n\n\n<h2 class=\"wp-block-heading\">QuerKlang \/ QuerKlang+ 2024\/25<\/h2>\n\n\n\n<h3 class=\"wp-block-heading\">K\u00fcnstlerische Lehrkr\u00e4ftebildung Musik, Theater, Bildende Kunst sowie Tanz der UdK Berlin<\/h3>\n\n\n\n<p class=\"has-small-font-size\"><strong>Sch\u00fcler:innen, Lehrer:innen, K\u00fcnstler:innen und Lehramtsstudierende arbeiten im kommenden Schuljahr zum zweiten Mal bei QuerKlang+ interdisziplin\u00e4r in den k\u00fcnstlerischen Bereichen Musik, Theater, Bildende Kunst und Tanz zusammen<\/strong><\/p>\n\n\n\n<p class=\"has-small-font-size\">Als beteiligte K\u00fcnstlerin im zweiten Durchgang des Pilotprojekts Querklang+. Mit dem zweiten Durchgang des Pilotprojekts QuerKlang+ wird die 21-j\u00e4hrige Erfahrung des Programms und UNESCO-Modells \u201eQuerKlang \u2013 Experimentelles Komponieren in der Schule\u201c neben den k\u00fcnstlerischen Bereichen Musik, Theater und Bildende Kunst auf den Bereich Tanz erweitert. Ein weiters mal arbeiten Sch\u00fcler:innen mit Lehrer:innen, K\u00fcnstler:innen und Lehramtsstudent:innen verschiedender k\u00fcnstlerischer Disziplinen zusammen und entwickeln als Teams eigene Kollektivarbeiten, die sie im Rahmen des Festivals MaerzMusik \/ Berliner Festspiele (24.\u201326.03.2025) einem breiten Publikum pr\u00e4sentieren.<\/p>\n\n\n\n<p class=\"has-small-font-size\">QuerKlang+ ist ein Pilotprojekt in der K\u00fcnstlerischen Lehrkr\u00e4ftebildung der UdK Berlin und wird durch Mittel der Senatsverwaltung f\u00fcr Wissenschaft, Gesundheit und Pflege finanziert. Ziel des Pilotprojekts ist es, die bisherigen Erfahrungen des Projekts \u00fcber die Musik hinaus in der Experimentellen Didaktik und Kulturellen Bildung an der Schnittstelle von K\u00fcnsten, Wissenschaft und p\u00e4dagogischer Praxis f\u00fcr eine zukunftsweisende Lehrkr\u00e4fteausbildung zu verankern und fruchtbar zu machen. Ein auswertendes Symposium im Anschluss an die Auff\u00fchrungen wird das Pilotprojekt in dem aktuellen k\u00fcnstlerisch-wissenschaftlichen Fachdiskurs \u201eK\u00fcnste und Bildung\u201c verorten und als Modell f\u00fcr die Berliner Lehrkr\u00e4ftebildung zur Diskussion stellen.<\/p>\n\n\n\n<p class=\"has-small-font-size\"><a href=\"https:\/\/www.udk-berlin.de\/universitaet\/fakultaet-musik\/institute\/institut-fuer-musikpaedagogik\/studium\/projekte-und-ensembles\/querklang-querklang\/\">QuerKlang<\/a> bringt Kollektiv-Kompositionen von Berliner Sch\u00fcler*innen zur Urauff\u00fchrung. Mit dem zweiten Durchgang des Pilotprojekts QuerKlang+ wird die mittlerweile 22-j\u00e4hrige Erfahrung des Programms und UNESCO-Modells \u201eQuerKlang \u2013 Experimentelles Komponieren in der Schule\u201c neben den k\u00fcnstlerischen Sparten Musik, Theater und Bildende Kunst um den Bereich Tanz erweitert.&nbsp;<\/p>\n\n\n\n<p class=\"has-small-font-size\">Den Auftakt der zweiten Ausgabe von QuerKlang+ bildete wieder eine Blockwoche, in der sich alle Teilnehmer*innen \u2013 Sch\u00fcler*innen, Lehrer*innen, K\u00fcnstler*innen und Lehramtsstudent*innen verschiedener Disziplinen \u2013 im Rahmen k\u00fcnstlerischer Workshops kennengelernt und Teams gebildet haben. Daraufhin fanden w\u00f6chentlich Treffen statt, die in den regul\u00e4ren Unterricht an den beteiligten Berliner Schulen eingebunden sind.&nbsp;<\/p>\n\n\n\n<p class=\"has-small-font-size\">Insgesamt sind zehn Lerngruppen aus verschiedenen Schulen und Altersgruppen in das Projekt einbezogen. QuerKlang+ bietet den Sch\u00fcler*innen die M\u00f6glichkeit, ihre Kreativit\u00e4t zu entfalten und ihre eigenen F\u00e4higkeiten im k\u00fcnstlerischen Bereich zu entdecken. Durch die Zusammenarbeit in den interdisziplin\u00e4ren Teams lernen sie, ihre individuellen St\u00e4rken einzubringen, kollektive Prozesse zu durchlaufen und gemeinsam etwas Neues zu erschaffen.&nbsp;<\/p>\n\n\n\n<p class=\"has-small-font-size\"><strong><a href=\"https:\/\/www.querklang.eu\">QuerKlang &#8211;&nbsp;Experimentelles Komponieren in der Schule<\/a> ein Projekt der<\/strong>&nbsp;<a href=\"http:\/\/www.querklang.eu\/\">QuerKlang gUG<\/a>, Finanziert aus Mitteln der Senatsverwaltung f\u00fcr Bildung, Jugend und Familie des Landes Berlin<\/p>\n\n\n\n<p class=\"has-small-font-size\"><a href=\"https:\/\/www.udk-berlin.de\/universitaet\/fakultaet-musik\/institute\/institut-fuer-musikpaedagogik\/studium\/projekte-und-ensembles\/querklang-querklang\/\"><strong>QuerKlang<sup>+&nbsp;<\/sup><\/strong>&#8211;&nbsp;<strong>Pilotprojekt K\u00fcnstlerische Lehrkr\u00e4ftebildung<\/strong><\/a><strong> der&nbsp;<a href=\"http:\/\/www.udk-berlin.de\/\">UdK Berlin<\/a><\/strong>, Finanziert aus Mitteln der Senatsverwaltung f\u00fcr Wissenschaft, Gesundheit und Pflege<\/p>\n\n\n\n<figure class=\"wp-block-gallery has-nested-images columns-default is-cropped wp-block-gallery-1 is-layout-flex wp-block-gallery-is-layout-flex\">\n<figure class=\"wp-block-image size-large\"><a href=\"https:\/\/www.gunillajaehnichen.de\/wp-content\/uploads\/Bildschirmfoto-2025-03-21-um-18.00.52.png\"><img loading=\"lazy\" decoding=\"async\" width=\"300\" height=\"249\" data-id=\"3286\" src=\"https:\/\/www.gunillajaehnichen.de\/wp-content\/uploads\/Bildschirmfoto-2025-03-21-um-18.00.52-300x249.png\" alt=\"\" class=\"wp-image-3286\" srcset=\"https:\/\/www.gunillajaehnichen.de\/wp-content\/uploads\/Bildschirmfoto-2025-03-21-um-18.00.52-300x249.png 300w, https:\/\/www.gunillajaehnichen.de\/wp-content\/uploads\/Bildschirmfoto-2025-03-21-um-18.00.52-200x166.png 200w, https:\/\/www.gunillajaehnichen.de\/wp-content\/uploads\/Bildschirmfoto-2025-03-21-um-18.00.52-768x637.png 768w, https:\/\/www.gunillajaehnichen.de\/wp-content\/uploads\/Bildschirmfoto-2025-03-21-um-18.00.52.png 1252w\" sizes=\"auto, (max-width: 300px) 100vw, 300px\" \/><\/a><figcaption class=\"wp-element-caption\">Auff\u00fchrung unseres St\u00fcckes &#8222;Die Reise durch das Gewitter&#8220;, mit der 4. Klasse der Annie Heuser Schule<\/figcaption><\/figure>\n\n\n\n<figure class=\"wp-block-image size-large\"><a href=\"https:\/\/www.gunillajaehnichen.de\/wp-content\/uploads\/Bildschirmfoto-2025-03-21-um-18.00.40.png\"><img loading=\"lazy\" decoding=\"async\" width=\"300\" height=\"249\" data-id=\"3287\" src=\"https:\/\/www.gunillajaehnichen.de\/wp-content\/uploads\/Bildschirmfoto-2025-03-21-um-18.00.40-300x249.png\" alt=\"\" class=\"wp-image-3287\" srcset=\"https:\/\/www.gunillajaehnichen.de\/wp-content\/uploads\/Bildschirmfoto-2025-03-21-um-18.00.40-300x249.png 300w, https:\/\/www.gunillajaehnichen.de\/wp-content\/uploads\/Bildschirmfoto-2025-03-21-um-18.00.40-200x166.png 200w, https:\/\/www.gunillajaehnichen.de\/wp-content\/uploads\/Bildschirmfoto-2025-03-21-um-18.00.40-768x637.png 768w, https:\/\/www.gunillajaehnichen.de\/wp-content\/uploads\/Bildschirmfoto-2025-03-21-um-18.00.40.png 1252w\" sizes=\"auto, (max-width: 300px) 100vw, 300px\" \/><\/a><\/figure>\n<\/figure>\n\n\n\n<div style=\"height:100px\" aria-hidden=\"true\" class=\"wp-block-spacer\"><\/div>\n\n\n\n<h2 class=\"wp-block-heading\">Wasser | Kunst | Klima 2024<\/h2>\n\n\n\n<figure class=\"wp-block-image size-large\"><img loading=\"lazy\" decoding=\"async\" width=\"213\" height=\"300\" src=\"https:\/\/www.gunillajaehnichen.de\/wp-content\/uploads\/Bildschirmfoto-2024-10-18-um-15.42.03-213x300.png\" alt=\"\" class=\"wp-image-2873\" srcset=\"https:\/\/www.gunillajaehnichen.de\/wp-content\/uploads\/Bildschirmfoto-2024-10-18-um-15.42.03-213x300.png 213w, https:\/\/www.gunillajaehnichen.de\/wp-content\/uploads\/Bildschirmfoto-2024-10-18-um-15.42.03-142x200.png 142w, https:\/\/www.gunillajaehnichen.de\/wp-content\/uploads\/Bildschirmfoto-2024-10-18-um-15.42.03.png 722w\" sizes=\"auto, (max-width: 213px) 100vw, 213px\" \/><\/figure>\n\n\n\n<p class=\"has-small-font-size\">Technische Universit\u00e4t Berlin<br>Workshop: Wie wollen wir uns wandeln?<\/p>\n\n\n\n<p class=\"has-small-font-size\">\u00d6kologie | Kunst | Klimaanpassung<\/p>\n\n\n\n<p class=\"has-small-font-size\">In unserem Workshop ging es darum einen Entwurf f\u00fcr gemeinsames Leben in Form einer Rei\u00dfbrettstadt anzulegen. F\u00fcr das Modell stehen ausschlie\u00dflich naturbelassene, nachhaltige Rohstoffe zur Verf\u00fcgung. Jeder Teilnehmende hat die M\u00f6glichkeit aus diesen Materialien eine Behausung f\u00fcr sich herzustellen und am gemeinsamen Raum mitzugestalten. Mit den Ressourcen kann individuell gearbeitet werden, sie sind aber jeweils begrenzt verf\u00fcgbar.<\/p>\n\n\n\n<p class=\"has-small-font-size\">In das Planungsvorhaben geben wir Fragestellungen der Klimaanpassung, wie k\u00f6nnen wir in sich wandelnden Bedingungen leben? Wie k\u00f6nnen wir sie wirksam, inklusiv und nachhaltig f\u00fcr alle Beteiligten nutzen? Wie kann Leben unter z. B. gro\u00dfer W\u00e4rmebelastung, kommendem Starkregen oder \u00dcberflutungen gestaltet werden?<\/p>\n\n\n\n<figure class=\"wp-block-image size-full\"><img loading=\"lazy\" decoding=\"async\" width=\"1920\" height=\"2560\" src=\"https:\/\/www.gunillajaehnichen.de\/wp-content\/uploads\/Wasser_Klima_Kunst-scaled.jpg\" alt=\"\" class=\"wp-image-2871\" srcset=\"https:\/\/www.gunillajaehnichen.de\/wp-content\/uploads\/Wasser_Klima_Kunst-scaled.jpg 1920w, https:\/\/www.gunillajaehnichen.de\/wp-content\/uploads\/Wasser_Klima_Kunst-225x300.jpg 225w, https:\/\/www.gunillajaehnichen.de\/wp-content\/uploads\/Wasser_Klima_Kunst-150x200.jpg 150w, https:\/\/www.gunillajaehnichen.de\/wp-content\/uploads\/Wasser_Klima_Kunst-768x1024.jpg 768w, https:\/\/www.gunillajaehnichen.de\/wp-content\/uploads\/Wasser_Klima_Kunst-1152x1536.jpg 1152w, https:\/\/www.gunillajaehnichen.de\/wp-content\/uploads\/Wasser_Klima_Kunst-1536x2048.jpg 1536w\" sizes=\"auto, (max-width: 1920px) 100vw, 1920px\" \/><\/figure>\n\n\n\n<p class=\"has-small-font-size\">Als vielf\u00e4ltiges Team, bestehend aus dem K\u00fcnstler und Kunstvermittler Nico Altmann (<a target=\"_blank\" href=\"https:\/\/thikwawerkstatt.com\/\" rel=\"noreferrer noopener\">Thikwa Werkstatt f\u00fcr Theater und Kunst<\/a>), der Leitung der Thikwa Werkstatt Susanne Bachmann, der Architektin und Kunstvermittlerin Philine Schneider und der K\u00fcnstlerin und Kunstvermittlerin Gunilla J\u00e4hnichen (<a target=\"_blank\" href=\"https:\/\/youngarts-nk.de\/\" rel=\"noreferrer noopener\">Young Arts Neuk\u00f6lln)<\/a>&nbsp;bringen wir Erfahrungen aus verschiedenen kulturellen Bildungsprojekten mit. Ein Schwerpunkt unserer Projekte liegt auf der inklusiven \u00f6kologischen Vermittlungsarbeit. Im Forschungsprojekt INARTdis unter der Leitung von Dr. Amanda Robledo haben wir als Team zusammengefunden.<\/p>\n\n\n\n<p class=\"has-small-font-size\">Dr. Michael Fowler &amp; Dr. Anne Kurr, Koordination&nbsp;<a target=\"_blank\" href=\"https:\/\/https\/\/www.hybrid-plattform.org\" rel=\"noreferrer noopener\">Hybrid Plattform<\/a><\/p>\n\n\n\n<div style=\"height:100px\" aria-hidden=\"true\" class=\"wp-block-spacer\"><\/div>\n\n\n\n<h2 class=\"wp-block-heading\">QuerKlang \/ QuerKlang+ 2023\/24<\/h2>\n\n\n\n<p class=\"has-small-font-size\">Beteiligte K\u00fcnstlerin im ersten Durchgang des Pilotprojekts Querklang+. Mit dem Start des Pilotprojekts QuerKlang+ wird die 20-j\u00e4hrige Erfahrung des Programms und UNESCO-Modells \u201eQuerKlang \u2013 Experimentelles Komponieren in der Schule\u201c um die k\u00fcnstlerischen Bereiche Musik, Theater und Bildende Kunst erweitert. Erstmals arbeiten Sch\u00fcler:innen und Lehrer:innen mit K\u00fcnstler:innen und Lehramtsstudent:innen verschiedender k\u00fcnstlerischer Disziplinen zusammen und entwickeln als Teams Kollektivarbeiten, die sie im Rahmen des Festivals MaerzMusik (18.\u201322.03.2024) einem breiten Publikum pr\u00e4sentieren.<\/p>\n\n\n\n<figure class=\"wp-block-image size-full\"><img loading=\"lazy\" decoding=\"async\" width=\"1334\" height=\"1086\" src=\"https:\/\/www.gunillajaehnichen.de\/wp-content\/uploads\/Querklang_Auftritt.jpg\" alt=\"\" class=\"wp-image-3045\" srcset=\"https:\/\/www.gunillajaehnichen.de\/wp-content\/uploads\/Querklang_Auftritt.jpg 1334w, https:\/\/www.gunillajaehnichen.de\/wp-content\/uploads\/Querklang_Auftritt-300x244.jpg 300w, https:\/\/www.gunillajaehnichen.de\/wp-content\/uploads\/Querklang_Auftritt-200x163.jpg 200w, https:\/\/www.gunillajaehnichen.de\/wp-content\/uploads\/Querklang_Auftritt-768x625.jpg 768w\" sizes=\"auto, (max-width: 1334px) 100vw, 1334px\" \/><figcaption class=\"wp-element-caption\">Querklang+\/Maerzmusik &#8211; Die Reise durch das Universum, 5. Klasse des Romain Rolland Gymnasiums &#8211; 2024 <\/figcaption><\/figure>\n\n\n\n\n\n<div style=\"height:100px\" aria-hidden=\"true\" class=\"wp-block-spacer\"><\/div>\n\n\n\n<h2 class=\"wp-block-heading\">INARTdis &#8211; ein edukatives und inklusives Vermittlungsprogramm 2023<\/h2>\n\n\n\n<p class=\"has-small-font-size\">Ein Projekt f\u00fcr inklusive und kreative R\u00e4ume in Berlin.<br>Das Projekt f\u00fcr inklusive und kreative R\u00e4ume in Berlin konzipiert und f\u00fchrt ein inklusives k\u00fcnstlerisch-p\u00e4dagogisches Projekt durch.<br>Dies geschieht in einem vielf\u00e4ltigen Team der der Thikwa Werkstatt f\u00fcr Theater und Kunst in Zusammenarbeit mit der Kultureinrichtung Young Arts Neuk\u00f6lln und zwei Schulen in Neuk\u00f6lln. (September 2023)<\/p>\n\n\n\n<figure class=\"wp-block-image size-full\"><img loading=\"lazy\" decoding=\"async\" width=\"1600\" height=\"1200\" src=\"https:\/\/www.gunillajaehnichen.de\/wp-content\/uploads\/IMG_8904-rotated.jpg\" alt=\"\" class=\"wp-image-2436\" srcset=\"https:\/\/www.gunillajaehnichen.de\/wp-content\/uploads\/IMG_8904-rotated.jpg 1600w, https:\/\/www.gunillajaehnichen.de\/wp-content\/uploads\/IMG_8904-300x225.jpg 300w, https:\/\/www.gunillajaehnichen.de\/wp-content\/uploads\/IMG_8904-200x150.jpg 200w, https:\/\/www.gunillajaehnichen.de\/wp-content\/uploads\/IMG_8904-768x576.jpg 768w, https:\/\/www.gunillajaehnichen.de\/wp-content\/uploads\/IMG_8904-1536x1152.jpg 1536w\" sizes=\"auto, (max-width: 1600px) 100vw, 1600px\" \/><figcaption class=\"wp-element-caption\">Eine Gemeinschaftsarbeit aus einer der Projektwochen 2023<\/figcaption><\/figure>\n\n\n\n<div style=\"height:100px\" aria-hidden=\"true\" class=\"wp-block-spacer\"><\/div>\n\n\n\n<h2 class=\"wp-block-heading\">DIVERSITY &#8211; Young Arts Neuk\u00f6lln<\/h2>\n\n\n\n<figure class=\"wp-block-image size-full\"><img loading=\"lazy\" decoding=\"async\" width=\"961\" height=\"1264\" src=\"https:\/\/www.gunillajaehnichen.de\/wp-content\/uploads\/IMG_1653.jpeg\" alt=\"\" class=\"wp-image-2533\" srcset=\"https:\/\/www.gunillajaehnichen.de\/wp-content\/uploads\/IMG_1653.jpeg 961w, https:\/\/www.gunillajaehnichen.de\/wp-content\/uploads\/IMG_1653-228x300.jpeg 228w, https:\/\/www.gunillajaehnichen.de\/wp-content\/uploads\/IMG_1653-152x200.jpeg 152w, https:\/\/www.gunillajaehnichen.de\/wp-content\/uploads\/IMG_1653-768x1010.jpeg 768w\" sizes=\"auto, (max-width: 961px) 100vw, 961px\" \/><figcaption class=\"wp-element-caption\">Projektarbeit T\u00dcRME &#8211; zum Thema Vielfalt &#8211; 2020<\/figcaption><\/figure>\n\n\n\n<p class=\"has-small-font-size\"> Entwicklung k\u00fcnstlerisch-edukativer Projekte f\u00fcr die Werkstatt Diversit\u00e4t des Young Arts Neuk\u00f6lln &#8211; Im Zentrum des bezirksweiten Plattform Young Arts Diversity, an den vier Standorten des Young Arts Neuk\u00f6lln, steht die stetige Entwicklung und Durchf\u00fchrung von Projekten und Projektwochen mit Kindern und jungen Menschen an der Schnittstelle Kunstvermittlung und Antidiskiminierung im kosmopolitischen Berlin Neuk\u00f6lln.<\/p>\n\n\n\n<div style=\"height:100px\" aria-hidden=\"true\" class=\"wp-block-spacer\"><\/div>\n\n\n\n<h2 class=\"wp-block-heading\">ANOHA &#8211; Kindermuseum des J\u00fcdischen Museums Berlin &#8211; ein partizipatives Filmprojekt 2020<\/h2>\n\n\n\n<figure class=\"wp-block-image size-full\"><img loading=\"lazy\" decoding=\"async\" width=\"2058\" height=\"1518\" src=\"https:\/\/www.gunillajaehnichen.de\/wp-content\/uploads\/Bildschirmfoto-2023-08-17-um-12.26.59.png\" alt=\"\" class=\"wp-image-2434\" srcset=\"https:\/\/www.gunillajaehnichen.de\/wp-content\/uploads\/Bildschirmfoto-2023-08-17-um-12.26.59.png 2058w, https:\/\/www.gunillajaehnichen.de\/wp-content\/uploads\/Bildschirmfoto-2023-08-17-um-12.26.59-300x221.png 300w, https:\/\/www.gunillajaehnichen.de\/wp-content\/uploads\/Bildschirmfoto-2023-08-17-um-12.26.59-200x148.png 200w, https:\/\/www.gunillajaehnichen.de\/wp-content\/uploads\/Bildschirmfoto-2023-08-17-um-12.26.59-768x566.png 768w, https:\/\/www.gunillajaehnichen.de\/wp-content\/uploads\/Bildschirmfoto-2023-08-17-um-12.26.59-1536x1133.png 1536w, https:\/\/www.gunillajaehnichen.de\/wp-content\/uploads\/Bildschirmfoto-2023-08-17-um-12.26.59-2048x1511.png 2048w\" sizes=\"auto, (max-width: 2058px) 100vw, 2058px\" \/><figcaption class=\"wp-element-caption\">Die Erde wird geflutet, Filmsequenz aus dem Filmprojekt 2020<\/figcaption><\/figure>\n\n\n\n<p class=\"has-small-font-size\">ARCHE NOAH- ein partizipatives Filmprojekt f\u00fcr das Kindermuseum ANOHA des J\u00fcdischen Museums Berlin,  (M\u00e4rz 2020)<\/p>\n\n\n\n<p class=\"has-small-font-size\">Das Filmprojekt ist eine Gemeinschaftsproduktion der 6- bis 12-j\u00e4hrigen Grundsch\u00fcler*innen der Wilhelm-von-Humboldt-Gemeinschaftsschule, der Galilei-Grundschule, der Evangelischen Schule Berlin-Friedrichshain und der Freudberg-Gemeinschaftsschule&nbsp;und den K\u00fcnstlerinnen Gunilla J\u00e4hnichen und Tine Steen. Die beteiligten Sch\u00fcler*innen geh\u00f6ren zum ANOHA-Kinderbeirat und haben&nbsp;die Entwicklung des Kindermuseums bereits seit den Anf\u00e4ngen begleitet.&nbsp;<\/p>\n\n\n\n<p class=\"has-small-font-size\">Ausgangspunkt des&nbsp;Kurzfilms ist die Erz\u00e4hlung der Arche Noah aus der Tora. Der Film begleitet die Kinder auf der Suche der nach der Noah-Geschichte zu den heiligen Schriften einer j\u00fcdischen, einer christlichen und einer muslimischen Gemeinde in Berlin. Auf der Animationsebene erz\u00e4hlen die gezeichneten Figuren der Kinder in die Geschichte der Arche und der gro\u00dfen Sintflut.<\/p>\n\n\n\n<div style=\"height:100px\" aria-hidden=\"true\" class=\"wp-block-spacer\"><\/div>\n\n\n\n<h2 class=\"wp-block-heading\">Mein Gott &#8211; Dein Gott 2019<\/h2>\n\n\n\n<p class=\"has-small-font-size\">Mein Gott-Dein Gott ein mehrteiliges Filmprojekt \u00fcber gelebte religi\u00f6se Vielfalt in Berlin, gef\u00f6rdert im Rahmen der\u201eWerkstatt Vielfalt\u201c der Robert Bosch Stiftung, unterst\u00fctzt vom Haus der Kulturen der Welt. Idee, Konzeption und Durchf\u00fchrung: Gunilla J\u00e4hnichen und Tine Steen<\/p>\n\n\n\n<figure class=\"wp-block-image size-full\"><img loading=\"lazy\" decoding=\"async\" width=\"1831\" height=\"2560\" src=\"https:\/\/www.gunillajaehnichen.de\/wp-content\/uploads\/wv_pdm_2002_mein_gott_dein_gott_Seite_1-scaled.jpg\" alt=\"\" class=\"wp-image-2440\" srcset=\"https:\/\/www.gunillajaehnichen.de\/wp-content\/uploads\/wv_pdm_2002_mein_gott_dein_gott_Seite_1-scaled.jpg 1831w, https:\/\/www.gunillajaehnichen.de\/wp-content\/uploads\/wv_pdm_2002_mein_gott_dein_gott_Seite_1-215x300.jpg 215w, https:\/\/www.gunillajaehnichen.de\/wp-content\/uploads\/wv_pdm_2002_mein_gott_dein_gott_Seite_1-143x200.jpg 143w, https:\/\/www.gunillajaehnichen.de\/wp-content\/uploads\/wv_pdm_2002_mein_gott_dein_gott_Seite_1-768x1074.jpg 768w, https:\/\/www.gunillajaehnichen.de\/wp-content\/uploads\/wv_pdm_2002_mein_gott_dein_gott_Seite_1-1099x1536.jpg 1099w, https:\/\/www.gunillajaehnichen.de\/wp-content\/uploads\/wv_pdm_2002_mein_gott_dein_gott_Seite_1-1465x2048.jpg 1465w\" sizes=\"auto, (max-width: 1831px) 100vw, 1831px\" \/><figcaption class=\"wp-element-caption\">Ein Interreligi\u00f6ser partizipatives Filmprojekt mit der Anne Frank Grundschule, Berlin 2018<\/figcaption><\/figure>\n","protected":false},"excerpt":{"rendered":"<p>WORKSHOP &#8211; aktuell Wasserkreisl\u00e4ufe in der Stadt: ON\u202fWATER zu Gast in der Roof Water Farm Kollaborativer Workshop \u201eWie wollen wir uns wandeln?\u201c&nbsp;22.09.2025 Als Kunst-Tandem f\u00fcr inklusive, \u00f6kologische Vermittlungsarbeit gestalte ich gemeinsam mit Nico Altmann sowie dem Berliner Verein greentech.berlin e.V. zur F\u00f6rderung von Technik- und Umweltbildung diesen Workshop in dem wir gemeinsam aus Naturmaterialien ein &hellip; <a href=\"https:\/\/www.gunillajaehnichen.de\/?page_id=76\" class=\"more-link\"><span class=\"screen-reader-text\">K\u00fcnstlerische Bildungsprojekte<\/span> weiterlesen<\/a><\/p>\n","protected":false},"author":1,"featured_media":0,"parent":0,"menu_order":0,"comment_status":"closed","ping_status":"closed","template":"","meta":{"footnotes":""},"class_list":["post-76","page","type-page","status-publish","hentry"],"_links":{"self":[{"href":"https:\/\/www.gunillajaehnichen.de\/index.php?rest_route=\/wp\/v2\/pages\/76","targetHints":{"allow":["GET"]}}],"collection":[{"href":"https:\/\/www.gunillajaehnichen.de\/index.php?rest_route=\/wp\/v2\/pages"}],"about":[{"href":"https:\/\/www.gunillajaehnichen.de\/index.php?rest_route=\/wp\/v2\/types\/page"}],"author":[{"embeddable":true,"href":"https:\/\/www.gunillajaehnichen.de\/index.php?rest_route=\/wp\/v2\/users\/1"}],"replies":[{"embeddable":true,"href":"https:\/\/www.gunillajaehnichen.de\/index.php?rest_route=%2Fwp%2Fv2%2Fcomments&post=76"}],"version-history":[{"count":123,"href":"https:\/\/www.gunillajaehnichen.de\/index.php?rest_route=\/wp\/v2\/pages\/76\/revisions"}],"predecessor-version":[{"id":3880,"href":"https:\/\/www.gunillajaehnichen.de\/index.php?rest_route=\/wp\/v2\/pages\/76\/revisions\/3880"}],"wp:attachment":[{"href":"https:\/\/www.gunillajaehnichen.de\/index.php?rest_route=%2Fwp%2Fv2%2Fmedia&parent=76"}],"curies":[{"name":"wp","href":"https:\/\/api.w.org\/{rel}","templated":true}]}}