{"id":96,"date":"2014-09-14T21:38:51","date_gmt":"2014-09-14T19:38:51","guid":{"rendered":"http:\/\/www.gunillajaehnichen.de\/wordpress\/?page_id=96"},"modified":"2025-07-01T14:19:22","modified_gmt":"2025-07-01T12:19:22","slug":"illustration","status":"publish","type":"page","link":"https:\/\/www.gunillajaehnichen.de\/?page_id=96","title":{"rendered":"Kollaboration"},"content":{"rendered":"\n<h2 class=\"wp-block-heading\">blinds &#8211; Zandra Harms &amp; Gunilla J\u00e4hnichen<\/h2>\n\n\n\n<p class=\"has-small-font-size\">Blinds ist eine k\u00fcnstlerische Zusammenarbeit von&nbsp;Zandra Harms und Gunilla J\u00e4hnichen.<\/p>\n\n\n\n<p class=\"has-small-font-size\">Es ist ein Experiment, indem es darum geht den angefangenen Gedanken der Einen zu erg\u00e4nzen oder zu widersprechen. 2018 haben sich Zandra Harms und Gunilla J\u00e4hnichen entschieden, einen Dialog in Form eines gemeinsamen Werkes zu beginnen.<\/p>\n\n\n\n<figure class=\"wp-block-image size-full\"><img loading=\"lazy\" decoding=\"async\" width=\"1131\" height=\"760\" src=\"https:\/\/www.gunillajaehnichen.de\/wp-content\/uploads\/image-8.png\" alt=\"\" class=\"wp-image-2428\" srcset=\"https:\/\/www.gunillajaehnichen.de\/wp-content\/uploads\/image-8.png 1131w, https:\/\/www.gunillajaehnichen.de\/wp-content\/uploads\/image-8-300x202.png 300w, https:\/\/www.gunillajaehnichen.de\/wp-content\/uploads\/image-8-200x134.png 200w, https:\/\/www.gunillajaehnichen.de\/wp-content\/uploads\/image-8-768x516.png 768w\" sizes=\"auto, (max-width: 1131px) 100vw, 1131px\" \/><\/figure>\n\n\n\n<p class=\"has-small-font-size\">Die Bl\u00e4tter werden in kleinen Gruppen zu etwa 20 St\u00fcck hin und hergeschickt. Wer eine der Zeichnungen als abgeschlossen erachtet, nimmt sie heraus und gibt ein neu begonnenes Blatt hinein. Bei manchen Arbeiten l\u00e4sst sich gut erkennen, was zuerst, was zuletzt hinzugef\u00fcgt wurde, aber selten l\u00e4sst sich sagen, von wem welche Elemente stammen und wie oft sie die Strecke K\u00f6ln \u2013 Berlin zur\u00fccklegten.<\/p>\n\n\n\n<figure class=\"wp-block-image size-full\"><img loading=\"lazy\" decoding=\"async\" width=\"1300\" height=\"1814\" src=\"https:\/\/www.gunillajaehnichen.de\/wp-content\/uploads\/Harms-Jaehnichen-Spiel-Wort-Spiel-Blinds.jpg\" alt=\"\" class=\"wp-image-2429\" srcset=\"https:\/\/www.gunillajaehnichen.de\/wp-content\/uploads\/Harms-Jaehnichen-Spiel-Wort-Spiel-Blinds.jpg 1300w, https:\/\/www.gunillajaehnichen.de\/wp-content\/uploads\/Harms-Jaehnichen-Spiel-Wort-Spiel-Blinds-215x300.jpg 215w, https:\/\/www.gunillajaehnichen.de\/wp-content\/uploads\/Harms-Jaehnichen-Spiel-Wort-Spiel-Blinds-143x200.jpg 143w, https:\/\/www.gunillajaehnichen.de\/wp-content\/uploads\/Harms-Jaehnichen-Spiel-Wort-Spiel-Blinds-768x1072.jpg 768w, https:\/\/www.gunillajaehnichen.de\/wp-content\/uploads\/Harms-Jaehnichen-Spiel-Wort-Spiel-Blinds-1101x1536.jpg 1101w\" sizes=\"auto, (max-width: 1300px) 100vw, 1300px\" \/><\/figure>\n\n\n\n<p class=\"has-small-font-size\">Bei der Betrachtung er\u00f6ffnet sich ein Kosmos komplexer Gef\u00fchlswelten. Da beide K\u00fcnstlerinnen vorwiegend figurativ arbeiten, spielt die Narration eine tragende Rolle. Jedes Blatt ist eine eigene kleine Geschichte f\u00fcr sich. Genau wie im richtigen Leben wechseln sich dunkle, strahlende, lustige und sehr traurige Szenerien ab, h\u00e4ufiger aber noch sto\u00dfen wir auf ambivalente Stimmungsbilder mit einer bitters\u00fc\u00dfen Note. Ihre Poesie verdankt sich dem pr\u00e4zisen gestalterischen Zugriff. Nur die Sicherheit im Umgang mit Form und Farbe erm\u00f6glicht eine solche Offenheit in der Aussage. Der F\u00e4higkeit, eine tr\u00e4umerische, oft zwischen Lachen und Weinen, abgrundtiefer Traurigkeit und spielerisch heiterer Leichtigkeit changierenden Atmosph\u00e4re \u201ezwischen den Zeilen\u201c entstehen zu lassen, geht die weitreichende Beherrschung und strenge \u00d6konomie der Mittel voraus. Das Ungef\u00e4hre wird durch die Art der Bez\u00fcge zwischen den graphischen und malerischen Elementen eingelassen, nicht durch eine ungenaue Strichf\u00fchrung.<\/p>\n\n\n\n<figure class=\"wp-block-image size-full is-style-default\"><img loading=\"lazy\" decoding=\"async\" width=\"1296\" height=\"1340\" src=\"https:\/\/www.gunillajaehnichen.de\/wp-content\/uploads\/C5A81F32-FE7C-4974-B4FF-38F967472EED.jpg\" alt=\"\" class=\"wp-image-2318\" srcset=\"https:\/\/www.gunillajaehnichen.de\/wp-content\/uploads\/C5A81F32-FE7C-4974-B4FF-38F967472EED.jpg 1296w, https:\/\/www.gunillajaehnichen.de\/wp-content\/uploads\/C5A81F32-FE7C-4974-B4FF-38F967472EED-290x300.jpg 290w, https:\/\/www.gunillajaehnichen.de\/wp-content\/uploads\/C5A81F32-FE7C-4974-B4FF-38F967472EED-193x200.jpg 193w, https:\/\/www.gunillajaehnichen.de\/wp-content\/uploads\/C5A81F32-FE7C-4974-B4FF-38F967472EED-768x794.jpg 768w\" sizes=\"auto, (max-width: 1296px) 100vw, 1296px\" \/><figcaption class=\"wp-element-caption\">Ausstellungsansicht Kunstverein Ebersberg 2023<\/figcaption><\/figure>\n\n\n\n<figure class=\"wp-block-image size-full\"><img loading=\"lazy\" decoding=\"async\" width=\"1920\" height=\"2560\" src=\"https:\/\/www.gunillajaehnichen.de\/wp-content\/uploads\/05-scaled.jpg\" alt=\"\" class=\"wp-image-2030\" srcset=\"https:\/\/www.gunillajaehnichen.de\/wp-content\/uploads\/05-scaled.jpg 1920w, https:\/\/www.gunillajaehnichen.de\/wp-content\/uploads\/05-225x300.jpg 225w, https:\/\/www.gunillajaehnichen.de\/wp-content\/uploads\/05-150x200.jpg 150w, https:\/\/www.gunillajaehnichen.de\/wp-content\/uploads\/05-768x1024.jpg 768w, https:\/\/www.gunillajaehnichen.de\/wp-content\/uploads\/05-1152x1536.jpg 1152w, https:\/\/www.gunillajaehnichen.de\/wp-content\/uploads\/05-1536x2048.jpg 1536w\" sizes=\"auto, (max-width: 1920px) 100vw, 1920px\" \/><\/figure>\n\n\n\n<div style=\"height:100px\" aria-hidden=\"true\" class=\"wp-block-spacer\"><\/div>\n\n\n\n<h2 class=\"wp-block-heading\">ZAMT x Gunilla J\u00e4hnichen \u2013 Limited Edition Silk Scarf<\/h2>\n\n\n\n<figure class=\"wp-block-image size-full\"><img loading=\"lazy\" decoding=\"async\" width=\"1742\" height=\"1138\" src=\"https:\/\/www.gunillajaehnichen.de\/wp-content\/uploads\/Bildschirmfoto-2025-06-30-um-17.59.43.png\" alt=\"\" class=\"wp-image-3569\" srcset=\"https:\/\/www.gunillajaehnichen.de\/wp-content\/uploads\/Bildschirmfoto-2025-06-30-um-17.59.43.png 1742w, https:\/\/www.gunillajaehnichen.de\/wp-content\/uploads\/Bildschirmfoto-2025-06-30-um-17.59.43-300x196.png 300w, https:\/\/www.gunillajaehnichen.de\/wp-content\/uploads\/Bildschirmfoto-2025-06-30-um-17.59.43-200x131.png 200w, https:\/\/www.gunillajaehnichen.de\/wp-content\/uploads\/Bildschirmfoto-2025-06-30-um-17.59.43-768x502.png 768w, https:\/\/www.gunillajaehnichen.de\/wp-content\/uploads\/Bildschirmfoto-2025-06-30-um-17.59.43-1536x1003.png 1536w\" sizes=\"auto, (max-width: 1742px) 100vw, 1742px\" \/><\/figure>\n\n\n\n<p>Eine limitierte Auflage Seidenschals, die in Kollaboration mit dem Berliner Modelabel ZAMT produziert wurde.<\/p>\n\n\n\n<figure class=\"wp-block-gallery has-nested-images columns-default is-cropped wp-block-gallery-1 is-layout-flex wp-block-gallery-is-layout-flex\">\n<figure class=\"wp-block-image size-large\"><img loading=\"lazy\" decoding=\"async\" width=\"295\" height=\"300\" data-id=\"3571\" src=\"https:\/\/www.gunillajaehnichen.de\/wp-content\/uploads\/Bildschirmfoto-2025-06-30-um-18.01.02-295x300.png\" alt=\"\" class=\"wp-image-3571\" srcset=\"https:\/\/www.gunillajaehnichen.de\/wp-content\/uploads\/Bildschirmfoto-2025-06-30-um-18.01.02-295x300.png 295w, https:\/\/www.gunillajaehnichen.de\/wp-content\/uploads\/Bildschirmfoto-2025-06-30-um-18.01.02-197x200.png 197w, https:\/\/www.gunillajaehnichen.de\/wp-content\/uploads\/Bildschirmfoto-2025-06-30-um-18.01.02-768x781.png 768w, https:\/\/www.gunillajaehnichen.de\/wp-content\/uploads\/Bildschirmfoto-2025-06-30-um-18.01.02.png 1272w\" sizes=\"auto, (max-width: 295px) 100vw, 295px\" \/><\/figure>\n\n\n\n<figure class=\"wp-block-image size-large\"><img loading=\"lazy\" decoding=\"async\" width=\"300\" height=\"300\" data-id=\"3572\" src=\"https:\/\/www.gunillajaehnichen.de\/wp-content\/uploads\/Bildschirmfoto-2025-06-30-um-18.00.14-300x300.png\" alt=\"\" class=\"wp-image-3572\" srcset=\"https:\/\/www.gunillajaehnichen.de\/wp-content\/uploads\/Bildschirmfoto-2025-06-30-um-18.00.14-300x300.png 300w, https:\/\/www.gunillajaehnichen.de\/wp-content\/uploads\/Bildschirmfoto-2025-06-30-um-18.00.14-200x200.png 200w, https:\/\/www.gunillajaehnichen.de\/wp-content\/uploads\/Bildschirmfoto-2025-06-30-um-18.00.14-768x770.png 768w, https:\/\/www.gunillajaehnichen.de\/wp-content\/uploads\/Bildschirmfoto-2025-06-30-um-18.00.14.png 830w\" sizes=\"auto, (max-width: 300px) 100vw, 300px\" \/><\/figure>\n<\/figure>\n\n\n\n<p><\/p>\n\n\n\n<p>Die Edition zeigt Figuren aus meiner BL\u00c4CK-Serie. Jeder der 12 Schals wurde in Italien aus 100 % reiner Seide gefertigt, ist einzeln nummeriert und handsigniert.<\/p>\n\n\n\n<figure class=\"wp-block-image size-full\"><img loading=\"lazy\" decoding=\"async\" width=\"1290\" height=\"774\" src=\"https:\/\/www.gunillajaehnichen.de\/wp-content\/uploads\/Bildschirmfoto-2025-06-30-um-18.10.36.png\" alt=\"\" class=\"wp-image-3577\" srcset=\"https:\/\/www.gunillajaehnichen.de\/wp-content\/uploads\/Bildschirmfoto-2025-06-30-um-18.10.36.png 1290w, https:\/\/www.gunillajaehnichen.de\/wp-content\/uploads\/Bildschirmfoto-2025-06-30-um-18.10.36-300x180.png 300w, https:\/\/www.gunillajaehnichen.de\/wp-content\/uploads\/Bildschirmfoto-2025-06-30-um-18.10.36-200x120.png 200w, https:\/\/www.gunillajaehnichen.de\/wp-content\/uploads\/Bildschirmfoto-2025-06-30-um-18.10.36-768x461.png 768w\" sizes=\"auto, (max-width: 1290px) 100vw, 1290px\" \/><\/figure>\n\n\n\n<div style=\"height:100px\" aria-hidden=\"true\" class=\"wp-block-spacer\"><\/div>\n\n\n\n<h2 class=\"wp-block-heading\">&#8222;Wir m\u00fcssen reden&#8220; mit Christina Mrosek<\/h2>\n\n\n\n<figure class=\"wp-block-image size-full\"><img loading=\"lazy\" decoding=\"async\" width=\"2560\" height=\"1543\" src=\"https:\/\/www.gunillajaehnichen.de\/wp-content\/uploads\/WUT_Circus_Eins_c_TH_6-scaled.jpg\" alt=\"\" class=\"wp-image-1737\" srcset=\"https:\/\/www.gunillajaehnichen.de\/wp-content\/uploads\/WUT_Circus_Eins_c_TH_6-scaled.jpg 2560w, https:\/\/www.gunillajaehnichen.de\/wp-content\/uploads\/WUT_Circus_Eins_c_TH_6-300x181.jpg 300w, https:\/\/www.gunillajaehnichen.de\/wp-content\/uploads\/WUT_Circus_Eins_c_TH_6-200x121.jpg 200w, https:\/\/www.gunillajaehnichen.de\/wp-content\/uploads\/WUT_Circus_Eins_c_TH_6-768x463.jpg 768w, https:\/\/www.gunillajaehnichen.de\/wp-content\/uploads\/WUT_Circus_Eins_c_TH_6-1536x926.jpg 1536w, https:\/\/www.gunillajaehnichen.de\/wp-content\/uploads\/WUT_Circus_Eins_c_TH_6-2048x1235.jpg 2048w\" sizes=\"auto, (max-width: 2560px) 100vw, 2560px\" \/><figcaption class=\"wp-element-caption\">CIRCUS EINS PutbusAusstellung &#8222;WUT&#8220;Foto: Thomas H\u00e4ntzschel \/ nordlicht www.fotoagenturnordlicht.de<\/figcaption><\/figure>\n\n\n\n<p class=\"has-small-font-size\">&nbsp;<strong>Wir m\u00fcssen reden!<\/strong><\/p>\n\n\n\n<p class=\"has-small-font-size\">Ein Raum mit einer langen, sorgf\u00e4ltig gedeckten Kaffeetafel. Teller, Tassen mit Untertassen, L\u00f6ffel, Kuchengabeln, Servietten, auf einem reinen, wei\u00dfen Tischtuch. Der lange Tisch, der Platz f\u00fcr gut 16 Personen geben k\u00f6nnte, stapelt sich mit seiner einen H\u00e4lfte senkrecht an Wand hoch, ohne R\u00fccksicht auf das gedeckte Porzellan. Das Porzellan ist hier heruntergest\u00fcrzt und zerschlagen, die Tischdecke vom Tisch gerutscht. Teile liegen auf der noch waagerecht stehenden Tafelh\u00e4lfte, Teile liegen auf dem Boden. An den W\u00e4nden des Raumes h\u00e4ngen Brustbilder wie sie in herrschaftlichen H\u00e4usern von Ahnen zu finden sind, hier von w\u00fctenden Kindern. Sie blicken finster auf die Szene.<\/p>\n\n\n\n<figure class=\"wp-block-image size-full\"><img loading=\"lazy\" decoding=\"async\" width=\"2560\" height=\"1677\" src=\"https:\/\/www.gunillajaehnichen.de\/wp-content\/uploads\/WUT_Circus_Eins_c_TH_4-scaled.jpg\" alt=\"\" class=\"wp-image-1735\" srcset=\"https:\/\/www.gunillajaehnichen.de\/wp-content\/uploads\/WUT_Circus_Eins_c_TH_4-scaled.jpg 2560w, https:\/\/www.gunillajaehnichen.de\/wp-content\/uploads\/WUT_Circus_Eins_c_TH_4-300x197.jpg 300w, https:\/\/www.gunillajaehnichen.de\/wp-content\/uploads\/WUT_Circus_Eins_c_TH_4-200x131.jpg 200w, https:\/\/www.gunillajaehnichen.de\/wp-content\/uploads\/WUT_Circus_Eins_c_TH_4-768x503.jpg 768w, https:\/\/www.gunillajaehnichen.de\/wp-content\/uploads\/WUT_Circus_Eins_c_TH_4-1536x1006.jpg 1536w, https:\/\/www.gunillajaehnichen.de\/wp-content\/uploads\/WUT_Circus_Eins_c_TH_4-2048x1342.jpg 2048w\" sizes=\"auto, (max-width: 2560px) 100vw, 2560px\" \/><figcaption class=\"wp-element-caption\">CIRCUS EINS PutbusAusstellung &#8222;WUT&#8220;Foto: Thomas H\u00e4ntzschel \/ nordlicht www.fotoagenturnordlicht.de<\/figcaption><\/figure>\n\n\n\n<p class=\"has-small-font-size\">Gunilla J\u00e4hnichen und Christina Mrosek hinterfragen mit ihrer gemeinsam erarbeiteten Rauminstallation bestehende Machtverh\u00e4ltnisse.&nbsp;Die Idee zur gemeinsamen Arbeit an dieser Installation kam beim Lesen einiger Texte von Rebecca Solnit.&nbsp;Solnit beschreibt u.a. in R\u00fcckblicken, auf schaurig, humorvolle Weise absurde&nbsp;Situationen, die das Ungleichgewicht zwischen den Gendern aufdeckt.Sie handeln von der Wut dar\u00fcber, dass dieses Missverh\u00e4ltnis trotz offensichtlicher Absurdit\u00e4t weitergelebt wird.Die beiden K\u00fcnstlerinnen laden die Besucher*innen an eine Kaffeetafel.&nbsp;Die vertikale Kaffeetafel f\u00fchrt sich selbst ad absurdum, sie geht in die Senkrechte und st\u00fcrzt das geordnete System um.&nbsp;<\/p>\n\n\n\n<figure class=\"wp-block-image size-full\"><img loading=\"lazy\" decoding=\"async\" width=\"2560\" height=\"1724\" src=\"https:\/\/www.gunillajaehnichen.de\/wp-content\/uploads\/WUT_Circus_Eins_c_TH_1-scaled.jpg\" alt=\"\" class=\"wp-image-1734\" srcset=\"https:\/\/www.gunillajaehnichen.de\/wp-content\/uploads\/WUT_Circus_Eins_c_TH_1-scaled.jpg 2560w, https:\/\/www.gunillajaehnichen.de\/wp-content\/uploads\/WUT_Circus_Eins_c_TH_1-300x202.jpg 300w, https:\/\/www.gunillajaehnichen.de\/wp-content\/uploads\/WUT_Circus_Eins_c_TH_1-200x135.jpg 200w, https:\/\/www.gunillajaehnichen.de\/wp-content\/uploads\/WUT_Circus_Eins_c_TH_1-768x517.jpg 768w, https:\/\/www.gunillajaehnichen.de\/wp-content\/uploads\/WUT_Circus_Eins_c_TH_1-1536x1034.jpg 1536w, https:\/\/www.gunillajaehnichen.de\/wp-content\/uploads\/WUT_Circus_Eins_c_TH_1-2048x1379.jpg 2048w\" sizes=\"auto, (max-width: 2560px) 100vw, 2560px\" \/><figcaption class=\"wp-element-caption\">CIRCUS EINS PutbusAusstellung &#8222;WUT&#8220;Foto: Thomas H\u00e4ntzschel \/ nordlicht www.fotoagenturnordlicht.de<\/figcaption><\/figure>\n\n\n\n<p class=\"has-small-font-size\">Die vertikalen Machtstrukturen, all die verunm\u00f6glichten Gespr\u00e4che, Dem\u00fctigungen, Be-vormundungen, Exklusion und Nicht-zu-Wort-kommen-Situationen werden gest\u00fcrzt.&nbsp;Die bestehenden Machtstrukturen l\u00f6sen sich auf.&nbsp;Am verbleibenden Platz laden wir ein zum Austausch auf Augenh\u00f6he. Mit Blick auf den Umsturz. Denn, die parit\u00e4tische Verteilung von Raum und Welt auf alle Menschen ist notwendig, um langfristig gleichberechtigt zu leben.&nbsp;Die Installation fordert mit ihrer kraftvollen Geste zur Ver\u00e4nderung auf.Die Idee als Team zu arbeiten ist Teil des Konzepts.&nbsp;Wir entwickeln und realisieren gleichberechtigt eine Idee. Jede bringt ihre Kompetenz ein. Wir \u00f6ffnen die Autorinnenschaft und erweitern sie durch die jeweils andere.<\/p>\n\n\n\n<figure class=\"wp-block-image size-full\"><img loading=\"lazy\" decoding=\"async\" width=\"2560\" height=\"1708\" src=\"https:\/\/www.gunillajaehnichen.de\/wp-content\/uploads\/WUT_Circus_Eins_c_TH_7-scaled.jpg\" alt=\"\" class=\"wp-image-2633\" srcset=\"https:\/\/www.gunillajaehnichen.de\/wp-content\/uploads\/WUT_Circus_Eins_c_TH_7-scaled.jpg 2560w, https:\/\/www.gunillajaehnichen.de\/wp-content\/uploads\/WUT_Circus_Eins_c_TH_7-300x200.jpg 300w, https:\/\/www.gunillajaehnichen.de\/wp-content\/uploads\/WUT_Circus_Eins_c_TH_7-200x133.jpg 200w, https:\/\/www.gunillajaehnichen.de\/wp-content\/uploads\/WUT_Circus_Eins_c_TH_7-768x512.jpg 768w, https:\/\/www.gunillajaehnichen.de\/wp-content\/uploads\/WUT_Circus_Eins_c_TH_7-1536x1025.jpg 1536w, https:\/\/www.gunillajaehnichen.de\/wp-content\/uploads\/WUT_Circus_Eins_c_TH_7-2048x1366.jpg 2048w\" sizes=\"auto, (max-width: 2560px) 100vw, 2560px\" \/><figcaption class=\"wp-element-caption\">CIRCUS EINS Putbus\u2028Ausstellung &#8222;WUT&#8220;\u2028\u2028Foto: Thomas H\u00e4ntzschel \/ nordlicht\nwww.fotoagenturnordlicht.de<\/figcaption><\/figure>\n\n\n\n<div style=\"height:100px\" aria-hidden=\"true\" class=\"wp-block-spacer\"><\/div>\n\n\n\n<h2 class=\"wp-block-heading\"> &#8222;Stubenhocker&#8220;  Iris Schomaker &amp; Gunilla J\u00e4hnichen<\/h2>\n\n\n\n<figure class=\"wp-block-image size-full\"><img loading=\"lazy\" decoding=\"async\" width=\"1487\" height=\"2105\" src=\"https:\/\/www.gunillajaehnichen.de\/wp-content\/uploads\/Stubenhocker.jpg\" alt=\"\" class=\"wp-image-1003\" srcset=\"https:\/\/www.gunillajaehnichen.de\/wp-content\/uploads\/Stubenhocker.jpg 1487w, https:\/\/www.gunillajaehnichen.de\/wp-content\/uploads\/Stubenhocker-141x200.jpg 141w, https:\/\/www.gunillajaehnichen.de\/wp-content\/uploads\/Stubenhocker-212x300.jpg 212w, https:\/\/www.gunillajaehnichen.de\/wp-content\/uploads\/Stubenhocker-283x400.jpg 283w, https:\/\/www.gunillajaehnichen.de\/wp-content\/uploads\/Stubenhocker-770x1090.jpg 770w\" sizes=\"auto, (max-width: 1487px) 100vw, 1487px\" \/><figcaption class=\"wp-element-caption\">Collage, Iris Schomaker &amp; Gunilla J\u00e4hnichen<\/figcaption><\/figure>\n\n\n\n<figure class=\"wp-block-image size-full\"><img loading=\"lazy\" decoding=\"async\" width=\"1808\" height=\"2560\" src=\"https:\/\/www.gunillajaehnichen.de\/wp-content\/uploads\/GunillaIris_05_20150708-scaled.jpeg\" alt=\"Collage, Iris Schomaker &amp; Gunilla J\u00e4hnichen\" class=\"wp-image-2273\" srcset=\"https:\/\/www.gunillajaehnichen.de\/wp-content\/uploads\/GunillaIris_05_20150708-scaled.jpeg 1808w, https:\/\/www.gunillajaehnichen.de\/wp-content\/uploads\/GunillaIris_05_20150708-212x300.jpeg 212w, https:\/\/www.gunillajaehnichen.de\/wp-content\/uploads\/GunillaIris_05_20150708-141x200.jpeg 141w, https:\/\/www.gunillajaehnichen.de\/wp-content\/uploads\/GunillaIris_05_20150708-768x1087.jpeg 768w, https:\/\/www.gunillajaehnichen.de\/wp-content\/uploads\/GunillaIris_05_20150708-1085x1536.jpeg 1085w, https:\/\/www.gunillajaehnichen.de\/wp-content\/uploads\/GunillaIris_05_20150708-1447x2048.jpeg 1447w\" sizes=\"auto, (max-width: 1808px) 100vw, 1808px\" \/><figcaption class=\"wp-element-caption\">Collage, Iris Schomaker &amp; Gunilla J\u00e4hnichen<\/figcaption><\/figure>\n\n\n\n<figure class=\"wp-block-image size-full\"><img loading=\"lazy\" decoding=\"async\" width=\"1808\" height=\"2560\" src=\"https:\/\/www.gunillajaehnichen.de\/wp-content\/uploads\/GunillaIris_04_20150708-scaled.jpeg\" alt=\"\" class=\"wp-image-2276\" srcset=\"https:\/\/www.gunillajaehnichen.de\/wp-content\/uploads\/GunillaIris_04_20150708-scaled.jpeg 1808w, https:\/\/www.gunillajaehnichen.de\/wp-content\/uploads\/GunillaIris_04_20150708-212x300.jpeg 212w, https:\/\/www.gunillajaehnichen.de\/wp-content\/uploads\/GunillaIris_04_20150708-141x200.jpeg 141w, https:\/\/www.gunillajaehnichen.de\/wp-content\/uploads\/GunillaIris_04_20150708-768x1087.jpeg 768w, https:\/\/www.gunillajaehnichen.de\/wp-content\/uploads\/GunillaIris_04_20150708-1085x1536.jpeg 1085w, https:\/\/www.gunillajaehnichen.de\/wp-content\/uploads\/GunillaIris_04_20150708-1447x2048.jpeg 1447w\" sizes=\"auto, (max-width: 1808px) 100vw, 1808px\" \/><figcaption class=\"wp-element-caption\">Collage, Iris Schomaker &amp; Gunilla J\u00e4hnichen<\/figcaption><\/figure>\n\n\n\n<figure class=\"wp-block-image size-full\"><img loading=\"lazy\" decoding=\"async\" width=\"1808\" height=\"2560\" src=\"https:\/\/www.gunillajaehnichen.de\/wp-content\/uploads\/GunillaIris_03_20150708-scaled.jpeg\" alt=\"\" class=\"wp-image-2277\" srcset=\"https:\/\/www.gunillajaehnichen.de\/wp-content\/uploads\/GunillaIris_03_20150708-scaled.jpeg 1808w, https:\/\/www.gunillajaehnichen.de\/wp-content\/uploads\/GunillaIris_03_20150708-212x300.jpeg 212w, https:\/\/www.gunillajaehnichen.de\/wp-content\/uploads\/GunillaIris_03_20150708-141x200.jpeg 141w, https:\/\/www.gunillajaehnichen.de\/wp-content\/uploads\/GunillaIris_03_20150708-768x1087.jpeg 768w, https:\/\/www.gunillajaehnichen.de\/wp-content\/uploads\/GunillaIris_03_20150708-1085x1536.jpeg 1085w, https:\/\/www.gunillajaehnichen.de\/wp-content\/uploads\/GunillaIris_03_20150708-1447x2048.jpeg 1447w\" sizes=\"auto, (max-width: 1808px) 100vw, 1808px\" \/><figcaption class=\"wp-element-caption\">Collage, Iris Schomaker &amp; Gunilla J\u00e4hnichen<\/figcaption><\/figure>\n\n\n\n<figure class=\"wp-block-image size-full\"><img loading=\"lazy\" decoding=\"async\" width=\"1808\" height=\"2560\" src=\"https:\/\/www.gunillajaehnichen.de\/wp-content\/uploads\/GunillaIris_02_20150708-scaled.jpeg\" alt=\"\" class=\"wp-image-2275\" srcset=\"https:\/\/www.gunillajaehnichen.de\/wp-content\/uploads\/GunillaIris_02_20150708-scaled.jpeg 1808w, https:\/\/www.gunillajaehnichen.de\/wp-content\/uploads\/GunillaIris_02_20150708-212x300.jpeg 212w, https:\/\/www.gunillajaehnichen.de\/wp-content\/uploads\/GunillaIris_02_20150708-141x200.jpeg 141w, https:\/\/www.gunillajaehnichen.de\/wp-content\/uploads\/GunillaIris_02_20150708-768x1087.jpeg 768w, https:\/\/www.gunillajaehnichen.de\/wp-content\/uploads\/GunillaIris_02_20150708-1085x1536.jpeg 1085w, https:\/\/www.gunillajaehnichen.de\/wp-content\/uploads\/GunillaIris_02_20150708-1447x2048.jpeg 1447w\" sizes=\"auto, (max-width: 1808px) 100vw, 1808px\" \/><figcaption class=\"wp-element-caption\">Collage, Iris Schomaker &amp; Gunilla J\u00e4hnichen<\/figcaption><\/figure>\n","protected":false},"excerpt":{"rendered":"<p>blinds &#8211; Zandra Harms &amp; Gunilla J\u00e4hnichen Blinds ist eine k\u00fcnstlerische Zusammenarbeit von&nbsp;Zandra Harms und Gunilla J\u00e4hnichen. Es ist ein Experiment, indem es darum geht den angefangenen Gedanken der Einen zu erg\u00e4nzen oder zu widersprechen. 2018 haben sich Zandra Harms und Gunilla J\u00e4hnichen entschieden, einen Dialog in Form eines gemeinsamen Werkes zu beginnen. Die Bl\u00e4tter &hellip; <a href=\"https:\/\/www.gunillajaehnichen.de\/?page_id=96\" class=\"more-link\"><span class=\"screen-reader-text\">Kollaboration<\/span> weiterlesen<\/a><\/p>\n","protected":false},"author":1,"featured_media":0,"parent":0,"menu_order":0,"comment_status":"closed","ping_status":"closed","template":"","meta":{"footnotes":""},"class_list":["post-96","page","type-page","status-publish","hentry"],"_links":{"self":[{"href":"https:\/\/www.gunillajaehnichen.de\/index.php?rest_route=\/wp\/v2\/pages\/96","targetHints":{"allow":["GET"]}}],"collection":[{"href":"https:\/\/www.gunillajaehnichen.de\/index.php?rest_route=\/wp\/v2\/pages"}],"about":[{"href":"https:\/\/www.gunillajaehnichen.de\/index.php?rest_route=\/wp\/v2\/types\/page"}],"author":[{"embeddable":true,"href":"https:\/\/www.gunillajaehnichen.de\/index.php?rest_route=\/wp\/v2\/users\/1"}],"replies":[{"embeddable":true,"href":"https:\/\/www.gunillajaehnichen.de\/index.php?rest_route=%2Fwp%2Fv2%2Fcomments&post=96"}],"version-history":[{"count":84,"href":"https:\/\/www.gunillajaehnichen.de\/index.php?rest_route=\/wp\/v2\/pages\/96\/revisions"}],"predecessor-version":[{"id":3585,"href":"https:\/\/www.gunillajaehnichen.de\/index.php?rest_route=\/wp\/v2\/pages\/96\/revisions\/3585"}],"wp:attachment":[{"href":"https:\/\/www.gunillajaehnichen.de\/index.php?rest_route=%2Fwp%2Fv2%2Fmedia&parent=96"}],"curies":[{"name":"wp","href":"https:\/\/api.w.org\/{rel}","templated":true}]}}